{"id":248,"date":"2022-05-10T16:43:34","date_gmt":"2022-05-10T16:43:34","guid":{"rendered":"https:\/\/nauticatossa.com\/wordpress\/?post_type=product&#038;p=248"},"modified":"2022-05-10T17:00:08","modified_gmt":"2022-05-10T17:00:08","slug":"marinello-eden-20","status":"publish","type":"product","link":"https:\/\/nauticatossa.com\/index.php\/producte\/marinello-eden-20\/?lang=ca","title":{"rendered":"Marinello EDEN 20"},"content":{"rendered":"<p>[et_pb_section fb_built=\u00bb1&#8243; _builder_version=\u00bb3.22&#8243; custom_padding=\u00bb0px||||false|false\u00bb global_colors_info=\u00bb{}\u00bb][et_pb_row _builder_version=\u00bb3.25&#8243; background_size=\u00bbinitial\u00bb background_position=\u00bbtop_left\u00bb background_repeat=\u00bbrepeat\u00bb width=\u00bb100%\u00bb custom_padding=\u00bb0px||0px||false|false\u00bb global_colors_info=\u00bb{}\u00bb][et_pb_column type=\u00bb4_4&#8243; _builder_version=\u00bb3.25&#8243; custom_padding=\u00bb|||\u00bb global_colors_info=\u00bb{}\u00bb custom_padding__hover=\u00bb|||\u00bb][et_pb_wc_breadcrumb _builder_version=\u00bb3.0.47&#8243; global_colors_info=\u00bb{}\u00bb][\/et_pb_wc_breadcrumb][\/et_pb_column][\/et_pb_row][et_pb_row column_structure=\u00bb1_2,1_2&#8243; _builder_version=\u00bb3.25&#8243; background_size=\u00bbinitial\u00bb background_position=\u00bbtop_left\u00bb background_repeat=\u00bbrepeat\u00bb width=\u00bb100%\u00bb custom_padding=\u00bb0px||||false|false\u00bb global_colors_info=\u00bb{}\u00bb][et_pb_column type=\u00bb1_2&#8243; _builder_version=\u00bb3.25&#8243; custom_padding=\u00bb|||\u00bb global_colors_info=\u00bb{}\u00bb custom_padding__hover=\u00bb|||\u00bb][et_pb_wc_images _builder_version=\u00bb3.0.47&#8243; global_colors_info=\u00bb{}\u00bb][\/et_pb_wc_images][\/et_pb_column][et_pb_column type=\u00bb1_2&#8243; _builder_version=\u00bb3.25&#8243; custom_padding=\u00bb|||\u00bb global_colors_info=\u00bb{}\u00bb custom_padding__hover=\u00bb|||\u00bb][et_pb_wc_title _builder_version=\u00bb4.13.1&#8243; header_font=\u00bbAsar|700|||||||\u00bb header_text_color=\u00bb#1F61AD\u00bb header_font_size=\u00bb47px\u00bb global_colors_info=\u00bb{}\u00bb][\/et_pb_wc_title][et_pb_wc_price _builder_version=\u00bb3.0.47&#8243; global_colors_info=\u00bb{}\u00bb][\/et_pb_wc_price][et_pb_wc_meta _builder_version=\u00bb3.0.47&#8243; global_colors_info=\u00bb{}\u00bb][\/et_pb_wc_meta][et_pb_wc_description _builder_version=\u00bb4.13.1&#8243; global_colors_info=\u00bb{}\u00bb][\/et_pb_wc_description][\/et_pb_column][\/et_pb_row][et_pb_row _builder_version=\u00bb3.25&#8243; background_size=\u00bbinitial\u00bb background_position=\u00bbtop_left\u00bb background_repeat=\u00bbrepeat\u00bb width=\u00bb100%\u00bb global_colors_info=\u00bb{}\u00bb][et_pb_column type=\u00bb4_4&#8243; _builder_version=\u00bb3.25&#8243; custom_padding=\u00bb|||\u00bb global_colors_info=\u00bb{}\u00bb custom_padding__hover=\u00bb|||\u00bb][et_pb_wc_tabs include_tabs=\u00bbdescription|\u00bb _builder_version=\u00bb4.13.1&#8243; body_text_color=\u00bb#000000&#8243; body_font_size=\u00bb17px\u00bb background_color=\u00bbrgba(31,97,173,0.18)\u00bb global_colors_info=\u00bb{}\u00bb]\t\t\t\t\t[\/et_pb_wc_tabs][et_pb_wc_upsells _builder_version=\u00bb3.0.47&#8243; global_colors_info=\u00bb{}\u00bb][\/et_pb_wc_upsells][et_pb_wc_related_products _builder_version=\u00bb3.0.47&#8243; global_colors_info=\u00bb{}\u00bb][\/et_pb_wc_related_products][\/et_pb_column][\/et_pb_row][\/et_pb_section]<\/p>\n","protected":false},"excerpt":{"rendered":"<h3><strong>Caracter\u00edstiques t\u00e8cniques<\/strong><\/h3>\n<div class=\"title-block7\"><\/div>\n<div class=\"wpb_text_column wpb_content_element \">\n<div class=\"wpb_wrapper\">\n<table>\n<tbody>\n<tr>\n<td data-title=\"Column 1\">Longitud ft mt.\u00a05,90<\/td>\n<\/tr>\n<tr>\n<td data-title=\"Column 1\">Amplada ft mt.\u00a02.49<\/td>\n<\/tr>\n<tr>\n<td data-title=\"Column 2\">Material de construcci\u00f3: fibra de vidre<\/td>\n<\/tr>\n<tr>\n<td data-title=\"Column 2\">Motoritzaci\u00f3 m\u00e0xima: 150 CV<\/td>\n<\/tr>\n<tr>\n<td data-title=\"Column 1\">Capacitat de persones: n.\u00a07<\/td>\n<\/tr>\n<tr>\n<td data-title=\"Column 1\">Pes del vaixell sense motor: 780 kg<\/td>\n<\/tr>\n<tr>\n<td data-title=\"Column 1\">Homologaci\u00f3 CE<\/td>\n<\/tr>\n<tr>\n<td data-title=\"Column 1\">Categoria: C<\/td>\n<\/tr>\n<\/tbody>\n<\/table>\n<\/div>\n<\/div>\n","protected":false},"featured_media":74,"comment_status":"open","ping_status":"closed","template":"","meta":{"_et_pb_use_builder":"on","_et_pb_old_content":"<div class=\"wpb_text_column wpb_content_element \">\r\n<div class=\"wpb_wrapper\">\r\n\r\nDel conjunt \u201cEden\u201d, reuneix totes les caracter\u00edstiques: guia lateral, amplis espais interiors, solidesa i seguretat.\r\n\r\nL'Eden 20 pot ser alimentat amb un \"boosted\" de 40 CV (que no necessita carnet d'embarcaci\u00f3), fins a una pot\u00e8ncia m\u00e0xima de 150 CV.\r\n\r\n&nbsp;\r\n\r\n<\/div>\r\n<\/div>\r\n<h3>Equipament subministrat<\/h3>\r\n<div class=\"title-block7\"><\/div>\r\n<div class=\"vc_row wpb_row vc_inner vc_row-fluid\">\r\n<div class=\"wpb_column vc_column_container vc_col-sm-4\">\r\n<div class=\"vc_column-inner \">\r\n<div class=\"wpb_wrapper\">\r\n<div class=\"wpb_text_column wpb_content_element \">\r\n<div class=\"wpb_wrapper\">\r\n<ul>\r\n \t<li>Bollars<\/li>\r\n \t<li>Casquilles d'escapament<\/li>\r\n \t<li>Barana<\/li>\r\n \t<li>Tauler d'instruments<\/li>\r\n \t<li>Coixins<\/li>\r\n \t<li>Paralls d'ulls<\/li>\r\n \t<li>Monocable<\/li>\r\n \t<li>Enfonsament<\/li>\r\n \t<li>llums del carrer<\/li>\r\n \t<li>Parabrisa<\/li>\r\n \t<li>Fender<\/li>\r\n \t<li>Alleujament de tensi\u00f3<\/li>\r\n \t<li>Sol\u00e0rium davanter<\/li>\r\n \t<li>Escala d'embarcament de 4 graons<\/li>\r\n \t<li>Porta petita<\/li>\r\n \t<li>Volant<\/li>\r\n<\/ul>\r\n<\/div>\r\n<\/div>\r\n<\/div>\r\n<\/div>\r\n<\/div>\r\n<div class=\"wpb_column vc_column_container vc_col-sm-4\">\r\n<div class=\"vc_column-inner \">\r\n<div class=\"wpb_wrapper\">\r\n<div class=\"wpb_text_column wpb_content_element \">\r\n<div class=\"wpb_wrapper\"><\/div>\r\n<\/div>\r\n<\/div>\r\n<\/div>\r\n<\/div>\r\n<div class=\"wpb_column vc_column_container vc_col-sm-4\">\r\n<div class=\"vc_column-inner \">\r\n<div class=\"wpb_wrapper\">\r\n<div class=\"wpb_text_column wpb_content_element \">\r\n<div class=\"wpb_wrapper\"><\/div>\r\n<\/div>\r\n<\/div>\r\n<\/div>\r\n<\/div>\r\n<\/div>","_et_gb_content_width":""},"product_cat":[23,25],"product_tag":[],"yoast_head":"<!-- This site is optimized with the Yoast SEO plugin v18.7 - https:\/\/yoast.com\/wordpress\/plugins\/seo\/ -->\n<title>Marinello EDEN 20 - N\u00e0utica Tossa<\/title>\n<meta name=\"description\" content=\"Oferta lancha Marinello Eden 20 en N\u00e0utica Tossa - Girona Costa Brava\" \/>\n<meta name=\"robots\" content=\"index, follow, max-snippet:-1, max-image-preview:large, max-video-preview:-1\" \/>\n<link rel=\"canonical\" href=\"https:\/\/nauticatossa.com\/index.php\/producte\/marinello-eden-20\/\" \/>\n<meta property=\"og:locale\" content=\"es_ES\" \/>\n<meta property=\"og:type\" content=\"article\" \/>\n<meta property=\"og:title\" content=\"Marinello EDEN 20 - N\u00e0utica Tossa\" \/>\n<meta property=\"og:description\" content=\"Oferta lancha Marinello Eden 20 en N\u00e0utica Tossa - Girona Costa Brava\" \/>\n<meta property=\"og:url\" content=\"https:\/\/nauticatossa.com\/index.php\/producte\/marinello-eden-20\/?lang=ca\" \/>\n<meta property=\"og:site_name\" content=\"N\u00e0utica Tossa\" \/>\n<meta property=\"article:publisher\" content=\"https:\/\/www.facebook.com\/people\/Nautica-Tossa\/61561978077478\/\" \/>\n<meta property=\"article:modified_time\" content=\"2022-05-10T17:00:08+00:00\" \/>\n<meta property=\"og:image\" content=\"https:\/\/nauticatossa.com\/wp-content\/uploads\/2022\/05\/eden-20-1-1-e1523474513268.jpg\" \/>\n\t<meta property=\"og:image:width\" content=\"1250\" \/>\n\t<meta property=\"og:image:height\" content=\"768\" \/>\n\t<meta property=\"og:image:type\" content=\"image\/jpeg\" \/>\n<meta name=\"twitter:card\" content=\"summary_large_image\" \/>\n<meta name=\"twitter:label1\" content=\"Tiempo de lectura\" \/>\n\t<meta name=\"twitter:data1\" content=\"1 minuto\" \/>\n<script type=\"application\/ld+json\" class=\"yoast-schema-graph\">{\"@context\":\"https:\/\/schema.org\",\"@graph\":[{\"@type\":\"WebSite\",\"@id\":\"https:\/\/nauticatossa.com\/#website\",\"url\":\"https:\/\/nauticatossa.com\/\",\"name\":\"N\u00e0utica Tossa\",\"description\":\"Embarcacions noves i d&#039;ocasi\u00f3. Costa Brava\",\"potentialAction\":[{\"@type\":\"SearchAction\",\"target\":{\"@type\":\"EntryPoint\",\"urlTemplate\":\"https:\/\/nauticatossa.com\/?s={search_term_string}\"},\"query-input\":\"required name=search_term_string\"}],\"inLanguage\":\"es\"},{\"@type\":\"ImageObject\",\"inLanguage\":\"es\",\"@id\":\"https:\/\/nauticatossa.com\/index.php\/producte\/marinello-eden-20\/?lang=ca#primaryimage\",\"url\":\"https:\/\/nauticatossa.com\/wp-content\/uploads\/2022\/05\/eden-20-1-1-e1523474513268.jpg\",\"contentUrl\":\"https:\/\/nauticatossa.com\/wp-content\/uploads\/2022\/05\/eden-20-1-1-e1523474513268.jpg\",\"width\":1250,\"height\":768},{\"@type\":\"WebPage\",\"@id\":\"https:\/\/nauticatossa.com\/index.php\/producte\/marinello-eden-20\/?lang=ca#webpage\",\"url\":\"https:\/\/nauticatossa.com\/index.php\/producte\/marinello-eden-20\/?lang=ca\",\"name\":\"Marinello EDEN 20 - N\u00e0utica Tossa\",\"isPartOf\":{\"@id\":\"https:\/\/nauticatossa.com\/#website\"},\"primaryImageOfPage\":{\"@id\":\"https:\/\/nauticatossa.com\/index.php\/producte\/marinello-eden-20\/?lang=ca#primaryimage\"},\"datePublished\":\"2022-05-10T16:43:34+00:00\",\"dateModified\":\"2022-05-10T17:00:08+00:00\",\"description\":\"Oferta lancha Marinello Eden 20 en N\u00e0utica Tossa - Girona Costa Brava\",\"breadcrumb\":{\"@id\":\"https:\/\/nauticatossa.com\/index.php\/producte\/marinello-eden-20\/?lang=ca#breadcrumb\"},\"inLanguage\":\"es\",\"potentialAction\":[{\"@type\":\"ReadAction\",\"target\":[\"https:\/\/nauticatossa.com\/index.php\/producte\/marinello-eden-20\/?lang=ca\"]}]},{\"@type\":\"BreadcrumbList\",\"@id\":\"https:\/\/nauticatossa.com\/index.php\/producte\/marinello-eden-20\/?lang=ca#breadcrumb\",\"itemListElement\":[{\"@type\":\"ListItem\",\"position\":1,\"name\":\"Home\",\"item\":\"https:\/\/nauticatossa.com\/\"},{\"@type\":\"ListItem\",\"position\":2,\"name\":\"Tienda\",\"item\":\"https:\/\/nauticatossa.com\/index.php\/shop\/\"},{\"@type\":\"ListItem\",\"position\":3,\"name\":\"Marinello EDEN 20\"}]}]}<\/script>\n<!-- \/ Yoast SEO plugin. -->","yoast_head_json":{"title":"Marinello EDEN 20 - N\u00e0utica Tossa","description":"Oferta lancha Marinello Eden 20 en N\u00e0utica Tossa - Girona Costa Brava","robots":{"index":"index","follow":"follow","max-snippet":"max-snippet:-1","max-image-preview":"max-image-preview:large","max-video-preview":"max-video-preview:-1"},"canonical":"https:\/\/nauticatossa.com\/index.php\/producte\/marinello-eden-20\/","og_locale":"es_ES","og_type":"article","og_title":"Marinello EDEN 20 - N\u00e0utica Tossa","og_description":"Oferta lancha Marinello Eden 20 en N\u00e0utica Tossa - Girona Costa Brava","og_url":"https:\/\/nauticatossa.com\/index.php\/producte\/marinello-eden-20\/?lang=ca","og_site_name":"N\u00e0utica Tossa","article_publisher":"https:\/\/www.facebook.com\/people\/Nautica-Tossa\/61561978077478\/","article_modified_time":"2022-05-10T17:00:08+00:00","og_image":[{"width":1250,"height":768,"url":"https:\/\/nauticatossa.com\/wp-content\/uploads\/2022\/05\/eden-20-1-1-e1523474513268.jpg","type":"image\/jpeg"}],"twitter_card":"summary_large_image","twitter_misc":{"Tiempo de lectura":"1 minuto"},"schema":{"@context":"https:\/\/schema.org","@graph":[{"@type":"WebSite","@id":"https:\/\/nauticatossa.com\/#website","url":"https:\/\/nauticatossa.com\/","name":"N\u00e0utica Tossa","description":"Embarcacions noves i d&#039;ocasi\u00f3. Costa Brava","potentialAction":[{"@type":"SearchAction","target":{"@type":"EntryPoint","urlTemplate":"https:\/\/nauticatossa.com\/?s={search_term_string}"},"query-input":"required name=search_term_string"}],"inLanguage":"es"},{"@type":"ImageObject","inLanguage":"es","@id":"https:\/\/nauticatossa.com\/index.php\/producte\/marinello-eden-20\/?lang=ca#primaryimage","url":"https:\/\/nauticatossa.com\/wp-content\/uploads\/2022\/05\/eden-20-1-1-e1523474513268.jpg","contentUrl":"https:\/\/nauticatossa.com\/wp-content\/uploads\/2022\/05\/eden-20-1-1-e1523474513268.jpg","width":1250,"height":768},{"@type":"WebPage","@id":"https:\/\/nauticatossa.com\/index.php\/producte\/marinello-eden-20\/?lang=ca#webpage","url":"https:\/\/nauticatossa.com\/index.php\/producte\/marinello-eden-20\/?lang=ca","name":"Marinello EDEN 20 - N\u00e0utica Tossa","isPartOf":{"@id":"https:\/\/nauticatossa.com\/#website"},"primaryImageOfPage":{"@id":"https:\/\/nauticatossa.com\/index.php\/producte\/marinello-eden-20\/?lang=ca#primaryimage"},"datePublished":"2022-05-10T16:43:34+00:00","dateModified":"2022-05-10T17:00:08+00:00","description":"Oferta lancha Marinello Eden 20 en N\u00e0utica Tossa - Girona Costa Brava","breadcrumb":{"@id":"https:\/\/nauticatossa.com\/index.php\/producte\/marinello-eden-20\/?lang=ca#breadcrumb"},"inLanguage":"es","potentialAction":[{"@type":"ReadAction","target":["https:\/\/nauticatossa.com\/index.php\/producte\/marinello-eden-20\/?lang=ca"]}]},{"@type":"BreadcrumbList","@id":"https:\/\/nauticatossa.com\/index.php\/producte\/marinello-eden-20\/?lang=ca#breadcrumb","itemListElement":[{"@type":"ListItem","position":1,"name":"Home","item":"https:\/\/nauticatossa.com\/"},{"@type":"ListItem","position":2,"name":"Tienda","item":"https:\/\/nauticatossa.com\/index.php\/shop\/"},{"@type":"ListItem","position":3,"name":"Marinello EDEN 20"}]}]}},"_links":{"self":[{"href":"https:\/\/nauticatossa.com\/index.php\/wp-json\/wp\/v2\/product\/248"}],"collection":[{"href":"https:\/\/nauticatossa.com\/index.php\/wp-json\/wp\/v2\/product"}],"about":[{"href":"https:\/\/nauticatossa.com\/index.php\/wp-json\/wp\/v2\/types\/product"}],"replies":[{"embeddable":true,"href":"https:\/\/nauticatossa.com\/index.php\/wp-json\/wp\/v2\/comments?post=248"}],"wp:featuredmedia":[{"embeddable":true,"href":"https:\/\/nauticatossa.com\/index.php\/wp-json\/wp\/v2\/media\/74"}],"wp:attachment":[{"href":"https:\/\/nauticatossa.com\/index.php\/wp-json\/wp\/v2\/media?parent=248"}],"wp:term":[{"taxonomy":"product_cat","embeddable":true,"href":"https:\/\/nauticatossa.com\/index.php\/wp-json\/wp\/v2\/product_cat?post=248"},{"taxonomy":"product_tag","embeddable":true,"href":"https:\/\/nauticatossa.com\/index.php\/wp-json\/wp\/v2\/product_tag?post=248"}],"curies":[{"name":"wp","href":"https:\/\/api.w.org\/{rel}","templated":true}]}}